{"id":526,"date":"2026-02-09T23:19:18","date_gmt":"2026-02-09T14:19:18","guid":{"rendered":"https:\/\/www.takaominami.com\/?page_id=526"},"modified":"2026-02-11T03:38:56","modified_gmt":"2026-02-10T18:38:56","slug":"about","status":"publish","type":"page","link":"https:\/\/www.takaominami.com\/fr\/about\/","title":{"rendered":"\u00c0 propos"},"content":{"rendered":"<div class=\"bm-builder clearfix \"><div id=\"\" class=\"module col-12 module-id-1770516297701\" data-module-col=\"12\"><div class=\"module-inside divide-inside\" style=\"--top-mod: 0px;--bottom-mod: 0px;--top-mod-t: 0px;--bottom-mod-t: 0px;--top-mod-m:0px;--bottom-mod-m:0px;\" ><div class=\"sea-divide divide-line ux-mod-nobg\" ><\/div><\/div><\/div><div id=\"\" class=\"module col-12 module-id-17707163627001Mjof bm-wrap row-top row-left bm-wrap-height-auto col-offset-0\" data-module-col=\"12\" data-change-color=\"off\" data-backcolor=\"transparent\" data-frontcolor=\"\" data-logocolor=\"\" data-goto-top=\"off\" data-goto-top-spacing=\"0\" data-goto-disable-m=\"\" data-groupsameheight=\"off\"><div class=\"module-inside group-inside\" style=\"--top-mod: 40px;--bottom-mod: 60px;--top-mod-t: 40px;--bottom-mod-t: 60px;--top-mod-m:20px;--bottom-mod-m:30px;\" ><div id=\"\" class=\"module col-3 module-id-1770741545270 col-offset-0\" data-module-col=\"3\"><div class=\"module-inside text-inside\" style=\"--top-mod: 0px;--bottom-mod: 0px;--top-mod-t: 0px;--bottom-mod-t: 0px;--top-mod-m:0px;--bottom-mod-m:0px;\" ><div class=\"text_block_out\"  data-effect=\"standard\" style=\"\"><div class=\"text_block ux-mod-nobg\"><div class=\"text_block_inn\"><div id=\"text-1770741545270\" class=\"text_block_centered text_block_centered_enable_width\"  style=\"\"><p><span style=\"color: #414145;\"><a style=\"color: #414145;\" href=\"http:\/\/www.takaominami.com\/wp-content\/uploads\/2026\/02\/Takao_Minami_CV_2025_FR.pdf\" target=\"_blank\" rel=\"noopener noreferrer\">CV (PDF)<\/a><\/span><\/p>\n<p><span style=\"color: #414145;\"><a style=\"color: #414145;\" href=\"http:\/\/www.takaominami.com\/wp-content\/uploads\/2026\/02\/Takao_Minami_Press_2025.pdf\" target=\"_blank\" rel=\"noopener noreferrer\">Revue de Presse (PDF)<\/a><\/span><\/p>\n<p>&nbsp;<\/p><\/div><\/div><\/div><\/div><\/div><\/div><div id=\"\" class=\"module col-9 module-id-1770716363066u5HVx col-offset-0\" data-module-col=\"9\"><div class=\"module-inside text-inside\" style=\"--top-mod: 0px;--bottom-mod: 0px;--top-mod-t: 0px;--bottom-mod-t: 0px;--top-mod-m:0px;--bottom-mod-m:0px;\" ><div class=\"text_block_out\"  data-effect=\"standard\" style=\"\"><div class=\"text_block ux-mod-nobg\"><div class=\"text_block_inn\"><div id=\"text-1770716363066u5HVx\" class=\"text_block_centered text_block_centered_enable_width\"  style=\"\"><p class=\"p1\">Takao Minami, n\u00e9 \u00e0 Osaka en 1976, est un artiste bas\u00e9 \u00e0 Paris depuis 2011. Son travail englobe la cr\u00e9ation de vid\u00e9os, d\u2019installations et d\u2019\u0153uvres photographiques explorant la relation entre l\u2019art et la technologie \u00e0 travers les prismes de l\u2019histoire, du corps et de l\u2019ontologie. Il est repr\u00e9sent\u00e9 par Ota Fine Arts (Tokyo, Singapour, Shanghai).<\/p>\n<p>&nbsp;<\/p>\n<p class=\"p1\">Activit\u00e9s principales en France ces derni\u00e8res ann\u00e9es : En 2011, il a \u00e9t\u00e9 laur\u00e9at d\u2019une bourse du gouvernement japonais pour la France, s\u00e9journant ainsi pendant un an \u00e0 la Cit\u00e9 Internationale des Arts \u00e0 Paris. En 2013, il a pris part \u00e0 la 12e Biennale de Lyon, au Mus\u00e9e d\u2019art contemporain de Lyon. En 2014, son \u0153uvre a \u00e9t\u00e9 int\u00e9gr\u00e9e \u00e0 la collection Pinault\/Paris, Venice, puis en 2023 \u00e0 celle du FRAC-Artoth\u00e8que Nouvelle-Aquitaine\/Limoges. Entre-temps, il a \u00e9galement pris part \u00e0 des expositions collectives \u00e0 l\u2019Abbaye Saint-Andr\u00e9 Centre d\u2019art contemporain Meymac (2014), au Mus\u00e9e de l\u2019Hospice Saint-Roch (2016), et d\u2019autres.<\/p>\n<p>&nbsp;<\/p>\n<p class=\"p1\">Activit\u00e9s principales dans les pays \u00e9trangers ces derni\u00e8res ann\u00e9es : Sa premi\u00e8re exposition personnelle a eu lieu \u00e0 Ota Fine Arts Tokyo en 2007, suivi de cinq expositions personnelles dans la galerie, y compris \u00e0 Singapour. Il a \u00e9galement \u00e9t\u00e9 expos\u00e9 \u00e0 l\u2019Institut Goethe de Hano\u00ef en 2009, organis\u00e9 par la Japan Foundation, puis \u00e0 l\u2019Art Tower Mito au Japon en 2010. En 2019, il a collabor\u00e9 avec le mus\u00e9e d\u2019anthropologie du Hokkaido Museum of Northern Peoples. Il a \u00e9galement particip\u00e9 \u00e0 des expositions collectives au Taipei Fine Arts Museum (Ta\u00efwan, 2009), au Toyota Municipal Museum of Art (Japon, 2009), au Taipei Museum of Contemporary Art (Ta\u00efwan, 2011), au Palazzo Grassi Teatrino (Italie, 2014), au Shanghai 21st Century Minsheng Art Museum (Chine, 2016). Ses \u0153uvres sont conserv\u00e9es dans les collections de la Burger Collection (Hong Kong, 2014) et du Mus\u00e9e d\u2019art contemporain de Tokyo (Japon, 2023) . Il a \u00e9galement \u00e9t\u00e9 invit\u00e9 \u00e0 donner des conf\u00e9rences dans des universit\u00e9s d\u2019art et \u00e0 participer \u00e0 des r\u00e9sidences.<\/p>\n<p>&nbsp;<\/p>\n<p class=\"p1\">Projets en cours et \u00e0 venir :<\/p>\n<p class=\"p1\">Au FRAC-Artoth\u00e8que Nouvelle-Aquitaine, ouvert d\u00e9but 2025, une commande vid\u00e9o est actuellement pr\u00e9sent\u00e9e sur la grande fa\u00e7ade LED du mus\u00e9e. Par ailleurs, une exposition personnelle \u00e0 Ota Fine Arts \u00e0 Tokyo est pr\u00e9vue au printemps 2026, ainsi qu\u2019une exposition collective au Mus\u00e9e national d\u2019art d\u2019Osaka \u00e0 partir du d\u00e9but de l\u2019ann\u00e9e 2028.<\/p><\/div><\/div><\/div><\/div><\/div><\/div><\/div><\/div><div id=\"\" class=\"module col-12 module-id-1770516542470\" data-module-col=\"12\"><div class=\"module-inside divide-inside\" style=\"--top-mod: 0px;--bottom-mod: 0px;--top-mod-t: 0px;--bottom-mod-t: 0px;--top-mod-m:0px;--bottom-mod-m:0px;\" ><div class=\"sea-divide divide-line ux-mod-nobg\" ><\/div><\/div><\/div><\/div>","protected":false},"excerpt":{"rendered":"<p>CV (PDF) Revue de Presse (PDF) &nbsp;Takao Minami, n\u00e9 \u00e0 &hellip;<\/p>\n","protected":false},"author":1,"featured_media":0,"parent":0,"menu_order":0,"comment_status":"closed","ping_status":"closed","template":"","meta":{"_locale":"fr_FR","_original_post":"https:\/\/www.takaominami.com\/?page_id=140","footnotes":""},"class_list":["post-526","page","type-page","status-publish","hentry","fr-FR"],"_links":{"self":[{"href":"https:\/\/www.takaominami.com\/wp-json\/wp\/v2\/pages\/526","targetHints":{"allow":["GET"]}}],"collection":[{"href":"https:\/\/www.takaominami.com\/wp-json\/wp\/v2\/pages"}],"about":[{"href":"https:\/\/www.takaominami.com\/wp-json\/wp\/v2\/types\/page"}],"author":[{"embeddable":true,"href":"https:\/\/www.takaominami.com\/wp-json\/wp\/v2\/users\/1"}],"replies":[{"embeddable":true,"href":"https:\/\/www.takaominami.com\/wp-json\/wp\/v2\/comments?post=526"}],"version-history":[{"count":1,"href":"https:\/\/www.takaominami.com\/wp-json\/wp\/v2\/pages\/526\/revisions"}],"predecessor-version":[{"id":528,"href":"https:\/\/www.takaominami.com\/wp-json\/wp\/v2\/pages\/526\/revisions\/528"}],"wp:attachment":[{"href":"https:\/\/www.takaominami.com\/wp-json\/wp\/v2\/media?parent=526"}],"curies":[{"name":"wp","href":"https:\/\/api.w.org\/{rel}","templated":true}]}}